{"id":23,"date":"2024-02-08T15:46:45","date_gmt":"2024-02-08T18:46:45","guid":{"rendered":"https:\/\/orlandoneto.com\/?page_id=23"},"modified":"2024-03-01T21:27:17","modified_gmt":"2024-03-02T00:27:17","slug":"home","status":"publish","type":"page","link":"https:\/\/orlandoneto.com\/","title":{"rendered":"home"},"content":{"rendered":"\n<div class=\"wp-block-uagb-container uagb-block-6d508a70 alignfull uagb-is-root-container\">\n<div class=\"wp-block-uagb-container uagb-block-0075573f\">\n<div class=\"wp-block-uagb-info-box uagb-block-3d0bc6fa uagb-infobox__content-wrap  uagb-infobox-icon-above-title uagb-infobox-image-valign-top\"><div class=\"uagb-ifb-content\"><div class=\"uagb-ifb-image-content\"><img decoding=\"async\" src=\"https:\/\/orlandoneto.com\/wp-content\/uploads\/2024\/02\/rosto.png\" alt=\"Rosto de Orlando Neto\" width=\"350\" height=\"459\" loading=\"lazy\"\/><\/div><div class=\"uagb-ifb-title-wrap\"><\/div><\/div><\/div>\n<\/div>\n\n\n\n<div class=\"wp-block-uagb-container uagb-block-97d605b4\">\n<div class=\"wp-block-uagb-info-box uagb-block-11c76fbf uagb-infobox__content-wrap  uagb-infobox-icon-above-title uagb-infobox-image-valign-top\"><div class=\"uagb-ifb-content\"><div class=\"uagb-ifb-image-content\"><img decoding=\"async\" src=\"https:\/\/orlandoneto.com\/wp-content\/uploads\/2024\/02\/pontilhado-duplo-1.png\" alt=\"\" width=\"225\" height=\"39\" loading=\"lazy\"\/><\/div><div class=\"uagb-ifb-title-wrap\"><h1 class=\"uagb-ifb-title\">Ol\u00e1, eu sou Orlando Neto!<\/h1><\/div><p class=\"uagb-ifb-desc\">Desenvolvedor Front End &amp; UX\/UI Designer.<\/p><\/div><\/div>\n\n\n\n<div class=\"wp-block-uagb-info-box uagb-block-f9958eb2 uagb-infobox__content-wrap  uagb-infobox-icon-left-title uagb-infobox-left uagb-infobox-image-valign-top uag-hide-mob\"><div class=\"uagb-ifb-content\"><div class=\"uagb-ifb-left-title-image\"><div class=\"uagb-ifb-icon-wrap\"><svg xmlns=\"https:\/\/www.w3.org\/2000\/svg\" viewBox=\"0 0 640 512\"><path d=\"M115.4 136.8l102.1 37.35c35.13-81.62 86.25-144.4 139-173.7c-95.88-4.875-188.8 36.96-248.5 111.7C101.2 120.6 105.2 133.2 115.4 136.8zM247.6 185l238.5 86.87c35.75-121.4 18.62-231.6-42.63-253.9c-7.375-2.625-15.12-4.062-23.12-4.062C362.4 13.88 292.1 83.13 247.6 185zM521.5 60.51c6.25 16.25 10.75 34.62 13.13 55.25c5.75 49.87-1.376 108.1-18.88 166.9l102.6 37.37c10.13 3.75 21.25-3.375 21.5-14.12C642.3 210.1 598 118.4 521.5 60.51zM528 448h-207l65-178.5l-60.13-21.87l-72.88 200.4H48C21.49 448 0 469.5 0 496C0 504.8 7.163 512 16 512h544c8.837 0 16-7.163 16-15.1C576 469.5 554.5 448 528 448z\"><\/path><\/svg><\/div><div class=\"uagb-ifb-title-wrap\"><h3 class=\"uagb-ifb-title\">Localizado no Rio de Janeiro<\/h3><\/div><\/div><\/div><\/div>\n<\/div>\n<\/div>\n\n\n\n<div id=\"sobre\" class=\"wp-block-uagb-container uagb-block-5ae61abc alignfull uagb-is-root-container\">\n<div class=\"wp-block-uagb-container uagb-block-2bf063db\">\n<div class=\"wp-block-uagb-info-box uagb-block-49fc8756 uagb-infobox__content-wrap  uagb-infobox-icon-above-title uagb-infobox-image-valign-top\"><div class=\"uagb-ifb-content\"><div class=\"uagb-ifb-title-wrap\"><\/div><p class=\"uagb-ifb-desc\">Bem-vindo ao LandoLab, onde a paix\u00e3o pela tecnologia e a busca constante por inova\u00e7\u00e3o se encontram.\u2028 Sou formado em An\u00e1lise e Desenvolvimento de Sistemas pelo Centro Universit\u00e1rio Uni\u00e3o das Am\u00e9ricas, e desde ent\u00e3o venho trilhando uma jornada dedicada a criar solu\u00e7\u00f5es impactantes no universo do WordPress.\u2028<br><br>Com 15 anos de experi\u00eancia no din\u00e2mico mercado de telecomunica\u00e7\u00f5es, desenvolvi habilidades que se entrela\u00e7am perfeitamente com a minha paix\u00e3o pelo desenvolvimento web. Em busca de aprimoramento cont\u00ednuo, mergulho nos meandros das linguagens de programa\u00e7\u00e3o mais recentes, enxergando cada desafio como uma oportunidade de crescimento.\u2028<br><br>Se voc\u00ea busca mais do que uma simples presen\u00e7a online, se almeja destacar seu neg\u00f3cio, criar uma plataforma virtual robusta ou posicionar sua marca de forma estrat\u00e9gica nos mecanismos de busca, voc\u00ea est\u00e1 no lugar certo.\u2028\u2028Aqui, no meu laborat\u00f3rio digital, n\u00e3o apenas desenvolvemos solu\u00e7\u00f5es, mas moldamos experi\u00eancias \u00fanicas e personalizadas que n\u00e3o apenas atendem, mas superam suas expectativas.\u2028<br><br>Seja bem-vindo(a) a um espa\u00e7o onde a inova\u00e7\u00e3o e a criatividade se entrela\u00e7am para impulsionar os seus neg\u00f3cios. Estou aqui para transformar suas ideias em realidade digital. Vamos criar algo extraordin\u00e1rio juntos!<\/p><div class=\"uagb-ifb-button-wrapper wp-block-button\"><a href=\"#portifolio\" class=\"uagb-infobox-cta-link wp-block-button__link\" target=\"_self\" rel=\"noopener noreferrer\" onclick=\"return true;\" alt=\"\"><span class=\"uagb-inline-editing\">Saiba mais<\/span><\/a><\/div><\/div><\/div>\n<\/div>\n\n\n\n<div id=\"sobre\" class=\"wp-block-uagb-container uagb-block-16183afe\">\n<div class=\"wp-block-uagb-info-box uagb-block-85327035 uagb-infobox__content-wrap  uagb-infobox-icon-above-title uagb-infobox-image-valign-top\"><div class=\"uagb-ifb-content\"><div class=\"uagb-ifb-image-content\"><img decoding=\"async\" src=\"https:\/\/orlandoneto.com\/wp-content\/uploads\/2024\/02\/lab3.png\" alt=\"\" width=\"\" height=\"0\" loading=\"lazy\"\/><\/div><div class=\"uagb-ifb-title-wrap\"><\/div><\/div><\/div>\n<\/div>\n<\/div>\n\n\n\n<div class=\"wp-block-uagb-container uagb-block-67b830fa alignfull uagb-is-root-container\"><div class=\"uagb-container__shape uagb-container__shape-top\"><svg xmlns=\"https:\/\/www.w3.org\/2000\/svg\" viewBox=\"0 0 937.5 120\" preserveAspectRatio=\"none\"><path class=\"uagb-container__shape-fill\" d=\"M937.5,124.3V0H0v124.3C0,100.8,227.4,2.9,578.9,4.1C926.9,0.3,937.5,100.4,937.5,124.3z\"><\/path><\/svg><\/div>\n<div class=\"wp-block-uagb-info-box uagb-block-d3b894a2 uagb-infobox__content-wrap  uagb-infobox-icon-below-title uagb-infobox-image-valign-top\"><div class=\"uagb-ifb-content\"><div class=\"uagb-ifb-title-wrap\"><h3 class=\"uagb-ifb-title\">Algumas Certifica\u00e7\u00f5es<\/h3><\/div><div class=\"uagb-ifb-image-content\"><img decoding=\"async\" src=\"https:\/\/orlandoneto.com\/wp-content\/uploads\/2024\/02\/pontilhado-duplo-1.png\" alt=\"\" width=\"165\" height=\"28\" loading=\"lazy\"\/><\/div><\/div><\/div>\n\n\n\n<div class=\"wp-block-columns has-ast-global-color-5-background-color has-background is-layout-flex wp-container-core-columns-is-layout-28f84493 wp-block-columns-is-layout-flex\">\n<div class=\"wp-block-column is-layout-flow wp-block-column-is-layout-flow\">\n<div class=\"wp-block-uagb-info-box uagb-block-d04bfec3 uagb-infobox__content-wrap  uagb-infobox-icon-above-title uagb-infobox-image-valign-top\"><div class=\"uagb-ifb-content\"><div class=\"uagb-ifb-image-content\"><img decoding=\"async\" src=\"https:\/\/orlandoneto.com\/wp-content\/uploads\/2024\/02\/logo1.png\" alt=\"\" width=\"\" height=\"0\" loading=\"lazy\"\/><\/div><div class=\"uagb-ifb-title-wrap\"><\/div><\/div><\/div>\n<\/div>\n\n\n\n<div class=\"wp-block-column is-layout-flow wp-block-column-is-layout-flow\">\n<div class=\"wp-block-uagb-info-box uagb-block-fd4bf76a uagb-infobox__content-wrap  uagb-infobox-icon-above-title uagb-infobox-image-valign-top\"><div class=\"uagb-ifb-content\"><div class=\"uagb-ifb-image-content\"><img decoding=\"async\" src=\"https:\/\/orlandoneto.com\/wp-content\/uploads\/2024\/02\/logo2.png\" alt=\"\" width=\"\" height=\"0\" loading=\"lazy\"\/><\/div><div class=\"uagb-ifb-title-wrap\"><\/div><\/div><\/div>\n<\/div>\n\n\n\n<div class=\"wp-block-column is-layout-flow wp-block-column-is-layout-flow\">\n<div class=\"wp-block-uagb-info-box uagb-block-a71f7136 uagb-infobox__content-wrap  uagb-infobox-icon-above-title uagb-infobox-image-valign-top\"><div class=\"uagb-ifb-content\"><div class=\"uagb-ifb-image-content\"><img decoding=\"async\" src=\"https:\/\/orlandoneto.com\/wp-content\/uploads\/2024\/02\/logo3.png\" alt=\"\" width=\"\" height=\"0\" loading=\"lazy\"\/><\/div><div class=\"uagb-ifb-title-wrap\"><\/div><\/div><\/div>\n<\/div>\n\n\n\n<div class=\"wp-block-column is-layout-flow wp-block-column-is-layout-flow\">\n<div class=\"wp-block-uagb-info-box uagb-block-6ad658fc uagb-infobox__content-wrap  uagb-infobox-icon-above-title uagb-infobox-image-valign-top\"><div class=\"uagb-ifb-content\"><div class=\"uagb-ifb-image-content\"><img decoding=\"async\" src=\"https:\/\/orlandoneto.com\/wp-content\/uploads\/2024\/02\/logo4.png\" alt=\"\" width=\"\" height=\"0\" loading=\"lazy\"\/><\/div><div class=\"uagb-ifb-title-wrap\"><\/div><\/div><\/div>\n<\/div>\n\n\n\n<div class=\"wp-block-column is-layout-flow wp-block-column-is-layout-flow\">\n<div class=\"wp-block-uagb-info-box uagb-block-39ce3d02 uagb-infobox__content-wrap  uagb-infobox-icon-above-title uagb-infobox-image-valign-top\"><div class=\"uagb-ifb-content\"><div class=\"uagb-ifb-image-content\"><img decoding=\"async\" src=\"https:\/\/orlandoneto.com\/wp-content\/uploads\/2024\/02\/logo5.png\" alt=\"\" width=\"\" height=\"0\" loading=\"lazy\"\/><\/div><div class=\"uagb-ifb-title-wrap\"><\/div><\/div><\/div>\n<\/div>\n\n\n\n<div class=\"wp-block-column is-layout-flow wp-block-column-is-layout-flow\">\n<div class=\"wp-block-uagb-info-box uagb-block-ab284ab8 uagb-infobox__content-wrap  uagb-infobox-icon-above-title uagb-infobox-image-valign-top\"><div class=\"uagb-ifb-content\"><div class=\"uagb-ifb-image-content\"><img decoding=\"async\" src=\"https:\/\/orlandoneto.com\/wp-content\/uploads\/2024\/02\/logo6.png\" alt=\"\" width=\"\" height=\"0\" loading=\"lazy\"\/><\/div><div class=\"uagb-ifb-title-wrap\"><\/div><\/div><\/div>\n<\/div>\n<\/div>\n<\/div>\n\n\n\n<div id=\"portifolio\" class=\"wp-block-uagb-container uagb-block-56101b5c alignfull uagb-is-root-container\">\n<div class=\"wp-block-uagb-info-box uagb-block-9e8e0dcf uagb-infobox__content-wrap  uagb-infobox-icon-below-title uagb-infobox-image-valign-top\"><div class=\"uagb-ifb-content\"><div class=\"uagb-ifb-title-wrap\"><h3 class=\"uagb-ifb-title\">Projetos em WordPress<\/h3><\/div><div class=\"uagb-ifb-image-content\"><img decoding=\"async\" src=\"https:\/\/orlandoneto.com\/wp-content\/uploads\/2024\/02\/pontilhado-duplo-1.png\" alt=\"\" width=\"165\" height=\"28\" loading=\"lazy\"\/><\/div><\/div><\/div>\n<\/div>\n\n\n\n<div class=\"wp-block-uagb-container uagb-block-cb8e418e alignfull uagb-is-root-container\">\n<div class=\"wp-block-uagb-container uagb-block-43eb41e6\">\n<div class=\"wp-block-uagb-info-box uagb-block-74d37847 uagb-infobox__content-wrap  uagb-infobox-icon-above-title uagb-infobox-image-valign-top\" id=\"portifolio\"><div class=\"uagb-ifb-content\"><div class=\"uagb-ifb-title-wrap\"><h3 class=\"uagb-ifb-title\"><a href=\"https:\/\/barbeariaclubrj.com.br\/\" target=\"_blank\" rel=\"noreferrer noopener\">www.barbeariaclubrj.com.br<\/a><\/h3><\/div><p class=\"uagb-ifb-desc\">O projeto Barbearia Club RJ foi meticulosamente concebido e implementado utilizando a plataforma WordPress. Seu principal prop\u00f3sito \u00e9 estabelecer uma presen\u00e7a online robusta para a marca, promovendo eficazmente o Clube de Assinatura, compartilhando informa\u00e7\u00f5es sobre os diversos endere\u00e7os da barbearia e seus hor\u00e1rios de funcionamento. Al\u00e9m disso, o website foi estrategicamente elaborado para fortalecer a conex\u00e3o com os clientes, proporcionando uma experi\u00eancia digital envolvente e informativa.<\/p><\/div><\/div>\n<\/div>\n\n\n\n<div class=\"wp-block-uagb-container uagb-block-486a1371\">\n<div class=\"wp-block-uagb-info-box uagb-block-5e22df03 uagb-infobox__content-wrap  uagb-infobox-icon-above-title uagb-infobox-image-valign-top\" id=\"https:\/\/barbeariaclubrj.com.br\/\"><div class=\"uagb-ifb-content\"><div class=\"uagb-ifb-image-content\"><img decoding=\"async\" src=\"https:\/\/orlandoneto.com\/wp-content\/uploads\/2024\/02\/thumb_barbearia.png\" alt=\"\" width=\"\" height=\"0\" loading=\"lazy\"\/><\/div><div class=\"uagb-ifb-title-wrap\"><\/div><\/div><\/div>\n<\/div>\n<\/div>\n\n\n\n<div class=\"wp-block-uagb-container uagb-block-c1ab9ef1 alignfull uagb-is-root-container\">\n<div class=\"wp-block-uagb-container uagb-block-655d8c0a\">\n<div class=\"wp-block-uagb-info-box uagb-block-765d198e uagb-infobox__content-wrap  uagb-infobox-icon-above-title uagb-infobox-image-valign-top\"><div class=\"uagb-ifb-content\"><div class=\"uagb-ifb-title-wrap\"><h3 class=\"uagb-ifb-title\"><a href=\"https:\/\/drrodrigomelo.com.br\/\" target=\"_blank\" rel=\"noreferrer noopener\">www.drrodrigomelo.com.br<\/a><\/h3><\/div><p class=\"uagb-ifb-desc\">Site institucional em WordPress para promover a Cl\u00ednica de Medicina Integrativa Rodrigo Melo. O site destaca as fases do tratamento ortomolecular, fornece informa\u00e7\u00f5es sobre a localiza\u00e7\u00e3o da cl\u00ednica e oferece op\u00e7\u00f5es de contato para agendamento. Al\u00e9m disso, o projeto visa fortalecer a presen\u00e7a digital da marca, estabelecendo uma conex\u00e3o efetiva com potenciais pacientes.<\/p><\/div><\/div>\n<\/div>\n\n\n\n<div class=\"wp-block-uagb-container uagb-block-9a1865ad\">\n<div class=\"wp-block-uagb-info-box uagb-block-5513c204 uagb-infobox__content-wrap  uagb-infobox-icon-above-title uagb-infobox-image-valign-top\"><div class=\"uagb-ifb-content\"><div class=\"uagb-ifb-image-content\"><img decoding=\"async\" src=\"https:\/\/orlandoneto.com\/wp-content\/uploads\/2024\/02\/thumb_drrodrigo.png\" alt=\"\" width=\"\" height=\"0\" loading=\"lazy\"\/><\/div><div class=\"uagb-ifb-title-wrap\"><\/div><\/div><\/div>\n<\/div>\n<\/div>\n\n\n\n<div id=\"contato\" class=\"wp-block-uagb-container uagb-block-eff0b701 alignfull uagb-is-root-container\">\n<div class=\"wp-block-uagb-container uagb-block-1c9f5828\">\n<div class=\"wp-block-uagb-info-box uagb-block-4c03ac2c uagb-infobox__content-wrap  uagb-infobox-icon-above-title uagb-infobox-image-valign-top\"><div class=\"uagb-ifb-content\"><div class=\"uagb-ifb-image-content\"><img decoding=\"async\" src=\"https:\/\/orlandoneto.com\/wp-content\/uploads\/2024\/02\/lab2-2.png\" alt=\"\" width=\"\" height=\"0\" loading=\"lazy\"\/><\/div><div class=\"uagb-ifb-title-wrap\"><\/div><\/div><\/div>\n<\/div>\n\n\n\n<div class=\"wp-block-uagb-container uagb-block-61998294\">\n<div class=\"wp-block-uagb-info-box uagb-block-09065d33 uagb-infobox__content-wrap  uagb-infobox-icon-above-title uagb-infobox-image-valign-top\"><div class=\"uagb-ifb-content\"><div class=\"uagb-ifb-title-wrap\"><\/div><p class=\"uagb-ifb-desc\">Voc\u00ea j\u00e1 deu um passo importante ao conhecer um pouco sobre o landoLab, e agora queria retribuir! No nosso site, n\u00e3o apenas oferecemos solu\u00e7\u00f5es, mas buscamos entender a singularidade do seu neg\u00f3cio e das suas ideias.<br><br>Vamos transformar seus projetos em realidade. Clique agora para come\u00e7ar a jornada da inova\u00e7\u00e3o e sucesso! Estamos ansiosos para conhecer voc\u00ea.<br><br><\/p><div class=\"uagb-ifb-button-wrapper wp-block-button\"><a href=\"https:\/\/wa.me\/\/5521989347382?text=Vim%20pelo%20LandoLab%20\" class=\"uagb-infobox-cta-link wp-block-button__link\" target=\"_blank\" rel=\"noopener noreferrer\" onclick=\"return true;\" alt=\"\"><span class=\"uagb-inline-editing\">Iniciar<\/span><\/a><\/div><\/div><\/div>\n<\/div>\n<\/div>\n","protected":false},"excerpt":{"rendered":"","protected":false},"author":1,"featured_media":0,"parent":0,"menu_order":0,"comment_status":"closed","ping_status":"closed","template":"","meta":{"_uag_custom_page_level_css":"","site-sidebar-layout":"default","site-content-layout":"","ast-site-content-layout":"","site-content-style":"default","site-sidebar-style":"default","ast-global-header-display":"","ast-banner-title-visibility":"","ast-main-header-display":"","ast-hfb-above-header-display":"","ast-hfb-below-header-display":"","ast-hfb-mobile-header-display":"","site-post-title":"disabled","ast-breadcrumbs-content":"","ast-featured-img":"","footer-sml-layout":"","theme-transparent-header-meta":"","adv-header-id-meta":"","stick-header-meta":"","header-above-stick-meta":"","header-main-stick-meta":"","header-below-stick-meta":"","astra-migrate-meta-layouts":"default","ast-page-background-enabled":"default","ast-page-background-meta":{"desktop":{"background-color":"var(--ast-global-color-4)","background-image":"","background-repeat":"repeat","background-position":"center center","background-size":"auto","background-attachment":"scroll","background-type":"","background-media":"","overlay-type":"","overlay-color":"","overlay-opacity":"","overlay-gradient":""},"tablet":{"background-color":"","background-image":"","background-repeat":"repeat","background-position":"center center","background-size":"auto","background-attachment":"scroll","background-type":"","background-media":"","overlay-type":"","overlay-color":"","overlay-opacity":"","overlay-gradient":""},"mobile":{"background-color":"","background-image":"","background-repeat":"repeat","background-position":"center center","background-size":"auto","background-attachment":"scroll","background-type":"","background-media":"","overlay-type":"","overlay-color":"","overlay-opacity":"","overlay-gradient":""}},"ast-content-background-meta":{"desktop":{"background-color":"var(--ast-global-color-5)","background-image":"","background-repeat":"repeat","background-position":"center center","background-size":"auto","background-attachment":"scroll","background-type":"","background-media":"","overlay-type":"","overlay-color":"","overlay-opacity":"","overlay-gradient":""},"tablet":{"background-color":"var(--ast-global-color-5)","background-image":"","background-repeat":"repeat","background-position":"center center","background-size":"auto","background-attachment":"scroll","background-type":"","background-media":"","overlay-type":"","overlay-color":"","overlay-opacity":"","overlay-gradient":""},"mobile":{"background-color":"var(--ast-global-color-5)","background-image":"","background-repeat":"repeat","background-position":"center center","background-size":"auto","background-attachment":"scroll","background-type":"","background-media":"","overlay-type":"","overlay-color":"","overlay-opacity":"","overlay-gradient":""}},"footnotes":""},"class_list":["post-23","page","type-page","status-publish","hentry"],"uagb_featured_image_src":{"full":false,"thumbnail":false,"medium":false,"medium_large":false,"large":false,"1536x1536":false,"2048x2048":false},"uagb_author_info":{"display_name":"orlandoneto.com","author_link":"https:\/\/orlandoneto.com\/index.php\/author\/orlandoneto-com\/"},"uagb_comment_info":0,"uagb_excerpt":null,"_links":{"self":[{"href":"https:\/\/orlandoneto.com\/index.php\/wp-json\/wp\/v2\/pages\/23","targetHints":{"allow":["GET"]}}],"collection":[{"href":"https:\/\/orlandoneto.com\/index.php\/wp-json\/wp\/v2\/pages"}],"about":[{"href":"https:\/\/orlandoneto.com\/index.php\/wp-json\/wp\/v2\/types\/page"}],"author":[{"embeddable":true,"href":"https:\/\/orlandoneto.com\/index.php\/wp-json\/wp\/v2\/users\/1"}],"replies":[{"embeddable":true,"href":"https:\/\/orlandoneto.com\/index.php\/wp-json\/wp\/v2\/comments?post=23"}],"version-history":[{"count":90,"href":"https:\/\/orlandoneto.com\/index.php\/wp-json\/wp\/v2\/pages\/23\/revisions"}],"predecessor-version":[{"id":199,"href":"https:\/\/orlandoneto.com\/index.php\/wp-json\/wp\/v2\/pages\/23\/revisions\/199"}],"wp:attachment":[{"href":"https:\/\/orlandoneto.com\/index.php\/wp-json\/wp\/v2\/media?parent=23"}],"curies":[{"name":"wp","href":"https:\/\/api.w.org\/{rel}","templated":true}]}}